{"id":3662,"date":"2013-05-24T19:58:21","date_gmt":"2013-05-24T19:58:21","guid":{"rendered":"http:\/\/theme-fusion.com\/avadaxml\/?page_id=3662"},"modified":"2019-10-02T18:52:45","modified_gmt":"2019-10-02T16:52:45","slug":"usluge","status":"publish","type":"page","link":"https:\/\/pogrebno-poduzece-mir.hr\/index.php\/usluge\/","title":{"rendered":"Usluge"},"content":{"rendered":"<p><div class=\"fusion-fullwidth fullwidth-box fusion-builder-row-1 nonhundred-percent-fullwidth non-hundred-percent-height-scrolling\" style=\"background-color: #f6f6f6;background-position: left top;background-repeat: no-repeat;padding-top:20px;padding-right:0px;padding-bottom:20px;padding-left:0px;margin-bottom: 0px;margin-top: 0px;border-width: 1px 0px 1px 0px;border-color:#e5e4e4;border-style:solid;\" ><div class=\"fusion-builder-row fusion-row\"><div class=\"fusion-layout-column fusion_builder_column fusion-builder-column-0 fusion_builder_column_1_1 1_1 fusion-one-full fusion-column-first fusion-column-last fusion-column-no-min-height\" style=\"margin-top:0px;margin-bottom:0px;\"><div class=\"fusion-column-wrapper fusion-flex-column-wrapper-legacy\" style=\"background-position:left top;background-repeat:no-repeat;-webkit-background-size:cover;-moz-background-size:cover;-o-background-size:cover;background-size:cover;padding: 0px 0px 0px 0px;\"><div class=\"fusion-text fusion-text-1\"><h1 style=\"text-align: center; font-size: 30px;\">MIR d.o.o. <a href=\"http:\/\/pogrebno-poduzece-mir.hr\/\"><span style=\"color: #ceb37e;\">25 godina<\/span><\/a> &#8211; va\u0161u bezbrigu smatramo svojom osnovnom brigom<\/h1>\n<p style=\"text-align: center; margin-top: -10px; font-size: 17px;\">Kvalitetu potvr\u0111uju <span class=\"fusion-tooltip tooltip-shortcode\" data-animation=\"\" data-delay=\"0\" data-placement=\"top\" data-title=\"25 godina iskustva!\" title=\"25 godina iskustva!\" data-toggle=\"tooltip\" data-trigger=\"hover\"><strong>2.500+ korinsika<\/strong><\/span>, \u0161to nas \u010dini jednim od <span class=\"fusion-tooltip tooltip-shortcode\" data-animation=\"\" data-delay=\"0\" data-placement=\"top\" data-title=\"U Sisa\u010dko-moslava\u010dkoj \u017eupaniji\" title=\"U Sisa\u010dko-moslava\u010dkoj \u017eupaniji\" data-toggle=\"tooltip\" data-trigger=\"hover\">najiskusnijih i najdugovje\u010dnijih <\/span> poduze\u0107a za pogrebne usluge i trgovinu na tr\u017ei\u0161tu.<\/p>\n<\/div><div class=\"fusion-clearfix\"><\/div><\/div><\/div><\/div><\/div><div class=\"fusion-fullwidth fullwidth-box fusion-builder-row-2 fusion-parallax-fixed nonhundred-percent-fullwidth non-hundred-percent-height-scrolling\" style=\"background-color: #fff;background-image: url(&quot;http:\/\/theme-fusion.com\/avada\/wp-content\/uploads\/2013\/05\/page_bkgd4.jpg&quot;);background-position: center center;background-repeat: no-repeat;padding-top:40px;padding-right:0px;padding-bottom:40px;padding-left:0px;margin-bottom: 0px;margin-top: 0px;border-width: 1px 0px 1px 0px;border-color:#dadada;border-style:solid;-webkit-background-size:cover;-moz-background-size:cover;-o-background-size:cover;background-size:cover;background-attachment:fixed;\" ><div class=\"fusion-builder-row fusion-row\"><div class=\"fusion-layout-column fusion_builder_column fusion-builder-column-1 fusion_builder_column_1_1 1_1 fusion-one-full fusion-column-first fusion-column-last fusion-column-no-min-height\" style=\"margin-top:0px;margin-bottom:0px;\"><div class=\"fusion-column-wrapper fusion-flex-column-wrapper-legacy\" style=\"background-position:left top;background-repeat:no-repeat;-webkit-background-size:cover;-moz-background-size:cover;-o-background-size:cover;background-size:cover;padding: 0px 0px 0px 0px;\"><div class=\"fusion-text fusion-text-2\"><h1 style=\"text-align: left; font-size: 30px !important;\">Nema potrebe za daljnjim Googlanjem!<\/h1>\n<p style=\"text-align: left; margin-top: -10px; font-size: 17px;\">Na pravom ste mjestu! <span class=\"fusion-tooltip tooltip-shortcode\" data-animation=\"\" data-delay=\"0\" data-placement=\"top\" data-title=\"Za sve upite 098 430 596\" title=\"Za sve upite 098 430 596\" data-toggle=\"tooltip\" data-trigger=\"hover\"><strong>Sve na\u0161e usluge<\/strong><\/span> pogledajte u tekstu ni\u017ee.<\/p>\n<\/div><div class=\"fusion-sep-clear\"><\/div><div class=\"fusion-separator fusion-full-width-sep\" style=\"margin-left: auto;margin-right: auto;margin-top:20px;width:100%;\"><\/div><div class=\"fusion-sep-clear\"><\/div><div class=\"fusion-text fusion-text-3\"><p><a href=\"http:\/\/pogrebno-poduzece-mir.hr\/wp-content\/uploads\/2012\/07\/11.jpg\"><img decoding=\"async\" class=\"alignnone  wp-image-11569\" src=\"http:\/\/pogrebno-poduzece-mir.hr\/wp-content\/uploads\/2012\/07\/11-300x169.jpg\" alt=\"11\" width=\"456\" height=\"257\" srcset=\"https:\/\/pogrebno-poduzece-mir.hr\/wp-content\/uploads\/2012\/07\/11-300x169.jpg 300w, https:\/\/pogrebno-poduzece-mir.hr\/wp-content\/uploads\/2012\/07\/11-1024x576.jpg 1024w, https:\/\/pogrebno-poduzece-mir.hr\/wp-content\/uploads\/2012\/07\/11.jpg 1900w\" sizes=\"(max-width: 456px) 100vw, 456px\" \/><\/a><\/p>\n<\/div><div class=\"fusion-clearfix\"><\/div><\/div><\/div><\/div><\/div><div class=\"fusion-fullwidth fullwidth-box fusion-builder-row-3 nonhundred-percent-fullwidth non-hundred-percent-height-scrolling\" style=\"background-color: #fff;background-position: left top;background-repeat: no-repeat;padding-top:70px;padding-right:0px;padding-bottom:40px;padding-left:0px;margin-bottom: 0px;margin-top: 0px;border-width: 1px 0px 1px 0px;border-color:#f6f6f6;border-style:solid;\" ><div class=\"fusion-builder-row fusion-row\"><div class=\"fusion-layout-column fusion_builder_column fusion-builder-column-2 fusion_builder_column_1_2 1_2 fusion-one-half fusion-column-first\" style=\"width:48%; margin-right: 4%;margin-top:0px;margin-bottom:20px;\"><div class=\"fusion-column-wrapper fusion-flex-column-wrapper-legacy\" style=\"background-position:left top;background-repeat:no-repeat;-webkit-background-size:cover;-moz-background-size:cover;-o-background-size:cover;background-size:cover;padding: 0px 0px 0px 0px;\"><style type=\"text\/css\"><\/style><div class=\"fusion-title title fusion-title-1 fusion-title-text fusion-title-size-two\" style=\"margin-top:0px;margin-right:0px;margin-bottom:31px;margin-left:0px;\"><h2 class=\"title-heading-left\" style=\"margin:0;\">Ponuda pogrebnih usluga:<\/h2><div class=\"title-sep-container\"><div class=\"title-sep sep-\" style=\"border-color:#e0dede;\"><\/div><\/div><\/div><ul class=\"fusion-checklist fusion-checklist-1\" style=\"font-size:13px;line-height:22.1px;\"><li class=\"fusion-li-item\"><span style=\"height:22.1px;width:22.1px;margin-right:9.1px;\" class=\"icon-wrapper circle-no\"><i class=\"fusion-li-icon fa fa-star\" style=\"color:dark;\" aria-hidden=\"true\"><\/i><\/span><div class=\"fusion-li-item-content\" style=\"margin-left:31.2px;\">Preuzimanje i prijevoz umrle osobe na podru\u010dju Republike Hrvatske i inozemstva.<\/div><\/li><li class=\"fusion-li-item\"><span style=\"height:22.1px;width:22.1px;margin-right:9.1px;\" class=\"icon-wrapper circle-no\"><i class=\"fusion-li-icon fa fa-star\" style=\"color:dark;\" aria-hidden=\"true\"><\/i><\/span><div class=\"fusion-li-item-content\" style=\"margin-left:31.2px;\">Rezerviranje termina ispra\u0107aja na gradskom i mjesnim grobljima.<\/div><\/li><li class=\"fusion-li-item\"><span style=\"height:22.1px;width:22.1px;margin-right:9.1px;\" class=\"icon-wrapper circle-no\"><i class=\"fusion-li-icon fa fa-star\" style=\"color:dark;\" aria-hidden=\"true\"><\/i><\/span><div class=\"fusion-li-item-content\" style=\"margin-left:31.2px;\">Ugovaranje ispra\u0107aja, kremacije ili pokopa.<\/div><\/li><li class=\"fusion-li-item\"><span style=\"height:22.1px;width:22.1px;margin-right:9.1px;\" class=\"icon-wrapper circle-no\"><i class=\"fusion-li-icon fa fa-star\" style=\"color:dark;\" aria-hidden=\"true\"><\/i><\/span><div class=\"fusion-li-item-content\" style=\"margin-left:31.2px;\">Prodaja pogrebne opreme &#8211; salon Posavska 52, Sisak.<\/div><\/li><li class=\"fusion-li-item\"><span style=\"height:22.1px;width:22.1px;margin-right:9.1px;\" class=\"icon-wrapper circle-no\"><i class=\"fusion-li-icon fa fa-star\" style=\"color:dark;\" aria-hidden=\"true\"><\/i><\/span><div class=\"fusion-li-item-content\" style=\"margin-left:31.2px;\">Izrada osmrtnica.<\/div><\/li><li class=\"fusion-li-item\"><span style=\"height:22.1px;width:22.1px;margin-right:9.1px;\" class=\"icon-wrapper circle-no\"><i class=\"fusion-li-icon fa fa-star\" style=\"color:dark;\" aria-hidden=\"true\"><\/i><\/span><div class=\"fusion-li-item-content\" style=\"margin-left:31.2px;\">Organizacija nastupa glazbenih i vokalnih ansabala kod ispra\u0107aja ili pogreba &#8211; sa vanjskim suradnicima.<\/div><\/li><li class=\"fusion-li-item\"><span style=\"height:22.1px;width:22.1px;margin-right:9.1px;\" class=\"icon-wrapper circle-no\"><i class=\"fusion-li-icon fa fa-star\" style=\"color:dark;\" aria-hidden=\"true\"><\/i><\/span><div class=\"fusion-li-item-content\" style=\"margin-left:31.2px;\">Organizacija izrade vijenaca, aran\u017emana i grobnih buketa &#8211; sa vanjskim suradnicima.<\/div><\/li><li class=\"fusion-li-item\"><span style=\"height:22.1px;width:22.1px;margin-right:9.1px;\" class=\"icon-wrapper circle-no\"><i class=\"fusion-li-icon fa fa-star\" style=\"color:dark;\" aria-hidden=\"true\"><\/i><\/span><div class=\"fusion-li-item-content\" style=\"margin-left:31.2px;\">Dobavljanje kompletne dokumentacije za prijevoz umrle osobe u inozemstvo pri gradskim institucijama i konzularnim odjelima.<\/div><\/li><li class=\"fusion-li-item\"><span style=\"height:22.1px;width:22.1px;margin-right:9.1px;\" class=\"icon-wrapper circle-no\"><i class=\"fusion-li-icon fa fa-star\" style=\"color:dark;\" aria-hidden=\"true\"><\/i><\/span><div class=\"fusion-li-item-content\" style=\"margin-left:31.2px;\">Sve ostale usluge po tra\u017eenju obitelji umrle osobe: organizacija fotografiranja i snimanja pogreba, nabava kompletne odje\u0107e, obu\u0107e i dr.<\/div><\/li><li class=\"fusion-li-item\"><span style=\"height:22.1px;width:22.1px;margin-right:9.1px;\" class=\"icon-wrapper circle-no\"><i class=\"fusion-li-icon fa fa-star\" style=\"color:dark;\" aria-hidden=\"true\"><\/i><\/span><div class=\"fusion-li-item-content\" style=\"margin-left:31.2px;\">Povjerinici smo Posmrtne pripomo\u0107i iz Zagreba, Gajeva 29.<\/div><\/li><li class=\"fusion-li-item\"><span style=\"height:22.1px;width:22.1px;margin-right:9.1px;\" class=\"icon-wrapper circle-no\"><i class=\"fusion-li-icon fa fa-star\" style=\"color:dark;\" aria-hidden=\"true\"><\/i><\/span><div class=\"fusion-li-item-content\" style=\"margin-left:31.2px;\">Vr\u0161imo organizaciju pogreba branitelja Domovinskog rata, temeljem narud\u017ebenice Ureda dr\u017eavne uprave, slu\u017ebe za dru\u0161tvene djelatnosti u Sisku, MORH-a i drugih nadle\u017enih institucija.<br \/>\nNAPOMENA: vr\u0161imo usluge na temelju narud\u017ebenica<\/div><\/li><\/ul><div class=\"fusion-clearfix\"><\/div><\/div><\/div><div class=\"fusion-layout-column fusion_builder_column fusion-builder-column-3 fusion_builder_column_1_2 1_2 fusion-one-half fusion-column-last\" style=\"width:48%;margin-top:0px;margin-bottom:20px;\"><div class=\"fusion-column-wrapper fusion-flex-column-wrapper-legacy\" style=\"background-position:left top;background-repeat:no-repeat;-webkit-background-size:cover;-moz-background-size:cover;-o-background-size:cover;background-size:cover;padding: 0px 0px 0px 0px;\"><div class=\"fusion-text fusion-text-4\"><p><a href=\"http:\/\/pogrebno-poduzece-mir.hr\/wp-content\/uploads\/2015\/05\/Logo2.png\"><img decoding=\"async\" class=\" size-medium wp-image-11526 aligncenter\" src=\"http:\/\/pogrebno-poduzece-mir.hr\/wp-content\/uploads\/2015\/05\/Logo2-300x85.png\" alt=\"Logo2\" width=\"300\" height=\"85\" srcset=\"https:\/\/pogrebno-poduzece-mir.hr\/wp-content\/uploads\/2015\/05\/Logo2-300x85.png 300w, https:\/\/pogrebno-poduzece-mir.hr\/wp-content\/uploads\/2015\/05\/Logo2.png 1000w\" sizes=\"(max-width: 300px) 100vw, 300px\" \/><\/a><\/p>\n<p>&nbsp;<\/p>\n<p><a href=\"http:\/\/pogrebno-poduzece-mir.hr\/wp-content\/uploads\/2012\/07\/4.jpg\"><img decoding=\"async\" class=\"  aligncenter wp-image-11563 size-large\" src=\"http:\/\/pogrebno-poduzece-mir.hr\/wp-content\/uploads\/2012\/07\/4-1024x576.jpg\" alt=\"4\" width=\"669\" height=\"376\" srcset=\"https:\/\/pogrebno-poduzece-mir.hr\/wp-content\/uploads\/2012\/07\/4-300x169.jpg 300w, https:\/\/pogrebno-poduzece-mir.hr\/wp-content\/uploads\/2012\/07\/4-1024x576.jpg 1024w, https:\/\/pogrebno-poduzece-mir.hr\/wp-content\/uploads\/2012\/07\/4.jpg 5000w\" sizes=\"(max-width: 669px) 100vw, 669px\" \/><\/a><\/p>\n<\/div><div class=\"fusion-clearfix\"><\/div><\/div><\/div><\/div><\/div><div class=\"fusion-fullwidth fullwidth-box fusion-builder-row-4 nonhundred-percent-fullwidth non-hundred-percent-height-scrolling\" style=\"background-color: #fff;background-position: left top;background-repeat: no-repeat;padding-top:65px;padding-right:0px;padding-bottom:0px;padding-left:0px;margin-bottom: 0px;margin-top: 0px;border-width: 1px 0px 1px 0px;border-color:#f6f6f6;border-style:solid;\" ><div class=\"fusion-builder-row fusion-row\"><div class=\"fusion-layout-column fusion_builder_column fusion-builder-column-4 fusion_builder_column_1_2 1_2 fusion-one-half fusion-column-first\" style=\"width:48%; margin-right: 4%;margin-top:0px;margin-bottom:20px;\"><div class=\"fusion-column-wrapper fusion-flex-column-wrapper-legacy\" style=\"background-position:left top;background-repeat:no-repeat;-webkit-background-size:cover;-moz-background-size:cover;-o-background-size:cover;background-size:cover;padding: 0px 0px 0px 0px;\"><div class=\"fusion-text fusion-text-5\"><p><a href=\"http:\/\/pogrebno-poduzece-mir.hr\/wp-content\/uploads\/2012\/07\/1.jpg\"><img decoding=\"async\" class=\"alignnone wp-image-11528 size-large\" src=\"http:\/\/pogrebno-poduzece-mir.hr\/wp-content\/uploads\/2012\/07\/1-1024x576.jpg\" alt=\"1\" width=\"669\" height=\"376\" srcset=\"https:\/\/pogrebno-poduzece-mir.hr\/wp-content\/uploads\/2012\/07\/1-300x169.jpg 300w, https:\/\/pogrebno-poduzece-mir.hr\/wp-content\/uploads\/2012\/07\/1-1024x576.jpg 1024w, https:\/\/pogrebno-poduzece-mir.hr\/wp-content\/uploads\/2012\/07\/1.jpg 5000w\" sizes=\"(max-width: 669px) 100vw, 669px\" \/><\/a><\/p>\n<\/div><div class=\"fusion-clearfix\"><\/div><\/div><\/div><div class=\"fusion-layout-column fusion_builder_column fusion-builder-column-5 fusion_builder_column_1_2 1_2 fusion-one-half fusion-column-last\" style=\"width:48%;margin-top:0px;margin-bottom:20px;\"><div class=\"fusion-column-wrapper fusion-flex-column-wrapper-legacy\" style=\"background-position:left top;background-repeat:no-repeat;-webkit-background-size:cover;-moz-background-size:cover;-o-background-size:cover;background-size:cover;padding: 0px 0px 0px 0px;\"><div class=\"fusion-text fusion-text-6\"><h2>Potrebne su vam dodatne informacije?<\/h2>\n<\/div><div class=\"fusion-sep-clear\"><\/div><div class=\"fusion-separator fusion-full-width-sep\" style=\"margin-left: auto;margin-right: auto;margin-top:5px;margin-bottom:25px;width:100%;\"><div class=\"fusion-separator-border sep-single sep-solid\" style=\"border-color:#e0dede;border-top-width:1px;\"><\/div><\/div><div class=\"fusion-sep-clear\"><\/div><div class=\"fusion-text fusion-text-7\"><p style=\"text-align: left; margin-top: -10px;\">Ukoliko nakon pro\u010ditanog teksta imate daljnja pitanja, biti \u0107e nam zadovoljstvo odgovoriti na sva. Slobodno nas kontaktirajte jednim od ni\u017ee navedenih na\u010dina.<\/p>\n<\/div><div class=\"fusion-sep-clear\"><\/div><div class=\"fusion-separator fusion-full-width-sep\" style=\"margin-left: auto;margin-right: auto;margin-top:5px;margin-bottom:25px;width:100%;\"><div class=\"fusion-separator-border sep-single sep-solid\" style=\"border-color:#e0dede;border-top-width:1px;\"><\/div><\/div><div class=\"fusion-sep-clear\"><\/div><ul class=\"fusion-checklist fusion-checklist-2\" style=\"font-size:13px;line-height:22.1px;\"><li class=\"fusion-li-item\"><span style=\"height:22.1px;width:22.1px;margin-right:9.1px;\" class=\"icon-wrapper circle-no\"><i class=\"fusion-li-icon fa fa-star\" style=\"color:dark;\" aria-hidden=\"true\"><\/i><\/span><div class=\"fusion-li-item-content\" style=\"margin-left:31.2px;\">Telefonskim putem na brojeve: 044 570 932, 044 571 909, 098 430 596, 098 849 927<\/div><\/li><li class=\"fusion-li-item\"><span style=\"height:22.1px;width:22.1px;margin-right:9.1px;\" class=\"icon-wrapper circle-no\"><i class=\"fusion-li-icon fa fa-star\" style=\"color:dark;\" aria-hidden=\"true\"><\/i><\/span><div class=\"fusion-li-item-content\" style=\"margin-left:31.2px;\">Putem maila na adresu: mir@sk.t-com.hr<\/div><\/li><li class=\"fusion-li-item\"><span style=\"height:22.1px;width:22.1px;margin-right:9.1px;\" class=\"icon-wrapper circle-no\"><i class=\"fusion-li-icon fa fa-star\" style=\"color:dark;\" aria-hidden=\"true\"><\/i><\/span><div class=\"fusion-li-item-content\" style=\"margin-left:31.2px;\">Putem kontaktnog obrasca na linku: <a href=\"http:\/\/pogrebno-poduzece-mir.hr\/index.php\/contact\/\">KONTAKT OBRAZAC<\/a><\/div><\/li><\/ul><div class=\"fusion-sep-clear\"><\/div><div class=\"fusion-separator fusion-full-width-sep\" style=\"margin-left: auto;margin-right: auto;margin-top:15px;width:100%;\"><\/div><div class=\"fusion-sep-clear\"><\/div><div class=\"fusion-button-wrapper\"><style type=\"text\/css\">.fusion-button.button-1 {border-radius:2px;}<\/style><a class=\"fusion-button button-flat button-large button-default button-1 fusion-button-default-span fusion-button-default-type\" target=\"_self\" href=\"http:\/\/pogrebno-poduzece-mir.hr\/index.php\/cjenik_usluga\/\"><span class=\"fusion-button-text\">Cjenik usluga<\/span><\/a><\/div><div class=\"fusion-clearfix\"><\/div><\/div><\/div><\/div><\/div><div class=\"fusion-fullwidth fullwidth-box fusion-builder-row-5 hundred-percent-fullwidth non-hundred-percent-height-scrolling\" style=\"background-color: rgba(255,255,255,0);background-position: center center;background-repeat: no-repeat;padding-top:0px;padding-right:20px;padding-bottom:0px;padding-left:20px;margin-bottom: 0px;margin-top: -25px;border-width: 0px 0px 0px 0px;border-color:#eae9e9;border-style:solid;\" ><div class=\"fusion-builder-row fusion-row\"><div class=\"fusion-layout-column fusion_builder_column fusion-builder-column-6 fusion_builder_column_1_1 1_1 fusion-one-full fusion-column-first fusion-column-last fusion-column-no-min-height\" style=\"margin-top:0px;margin-bottom:0px;\"><div class=\"fusion-column-wrapper fusion-flex-column-wrapper-legacy\" style=\"background-position:left top;background-repeat:no-repeat;-webkit-background-size:cover;-moz-background-size:cover;-o-background-size:cover;background-size:cover;padding: 0px 0px 0px 0px;\"><div class=\"fusion-sep-clear\"><\/div><div class=\"fusion-separator fusion-full-width-sep\" style=\"margin-left: auto;margin-right: auto;width:100%;\"><\/div><div class=\"fusion-sep-clear\"><\/div><div class=\"fusion-clearfix\"><\/div><\/div><\/div><\/div><style type=\"text\/css\">.fusion-fullwidth.fusion-builder-row-5 { overflow:visible; }<\/style><\/div><\/p>\n","protected":false},"excerpt":{"rendered":"","protected":false},"author":1,"featured_media":0,"parent":0,"menu_order":0,"comment_status":"open","ping_status":"closed","template":"100-width.php","meta":{"footnotes":""},"_links":{"self":[{"href":"https:\/\/pogrebno-poduzece-mir.hr\/index.php\/wp-json\/wp\/v2\/pages\/3662"}],"collection":[{"href":"https:\/\/pogrebno-poduzece-mir.hr\/index.php\/wp-json\/wp\/v2\/pages"}],"about":[{"href":"https:\/\/pogrebno-poduzece-mir.hr\/index.php\/wp-json\/wp\/v2\/types\/page"}],"author":[{"embeddable":true,"href":"https:\/\/pogrebno-poduzece-mir.hr\/index.php\/wp-json\/wp\/v2\/users\/1"}],"replies":[{"embeddable":true,"href":"https:\/\/pogrebno-poduzece-mir.hr\/index.php\/wp-json\/wp\/v2\/comments?post=3662"}],"version-history":[{"count":24,"href":"https:\/\/pogrebno-poduzece-mir.hr\/index.php\/wp-json\/wp\/v2\/pages\/3662\/revisions"}],"predecessor-version":[{"id":11833,"href":"https:\/\/pogrebno-poduzece-mir.hr\/index.php\/wp-json\/wp\/v2\/pages\/3662\/revisions\/11833"}],"wp:attachment":[{"href":"https:\/\/pogrebno-poduzece-mir.hr\/index.php\/wp-json\/wp\/v2\/media?parent=3662"}],"curies":[{"name":"wp","href":"https:\/\/api.w.org\/{rel}","templated":true}]}}